{"id":56,"date":"2019-07-21T19:43:15","date_gmt":"2019-07-21T17:43:15","guid":{"rendered":"https:\/\/expanic.at\/wordpress\/?page_id=56"},"modified":"2022-09-07T13:12:54","modified_gmt":"2022-09-07T11:12:54","slug":"impressum","status":"publish","type":"page","link":"https:\/\/expanic.at\/wordpress\/impressum\/","title":{"rendered":"Impressum"},"content":{"rendered":"\n<p><em>Informationsspflicht laut \u00a7 5 E-Commerce Gesetz, \u00a7 14 Unternehmensgesetzbuch, <\/em><br><em>\u00a7 63 Gewerbeordnung und Offenlegungspflicht laut \u00a7 25 Mediengesetz:<\/em><\/p>\n\n\n\n<p><br><strong>expanic <\/strong>ist eine Marke der<strong> Freie Radikale MD GmbH<\/strong><br> <br><strong>Mehrwertsteuernummer<\/strong><br>AT U78463789<br> <br> <strong>Global Location Number (GLN) der \u00f6ffentlichen Verwaltung<\/strong><br> 9110017350898<\/p>\n\n\n\n<p><br> <strong>Data Universal Numbering System (D-U-N-S) Number<\/strong><br> 300856844<\/p>\n\n\n\n<p><br> <strong>Firmengericht<\/strong><br> Landesgericht Wiener Neustadt<br> <strong>Beh\u00f6rde gem\u00e4\u00df E-Commerce Gesetz (ECG)<\/strong><br> BH M\u00f6dling<br> <strong>Mitglied der Wirtschaftskammer<\/strong><br> Nieder\u00f6sterreich<br> <br> <strong>Zertifizierungen &amp; Autorisierungen<\/strong><br> APPLE Certified Support Professional (ACSP)<br> APPLE Certified Technical Coordinator (ACTC)<br> APPLE Certified Associate (ACA)<br> APPLE Certified Trainer (ACT)<br> APPLE Consultant (ACN)<br> <br><strong> Berechtigungen<\/strong><br> Dienstleistungen in der automatischen Datenverarbeitung und Informationstechnik (IT-Dienstleistung)<br> Handelsgewerbe und Handelsagenten (Handel mit Computern)<br> \u00d6ffentliche Internet-Kommunikationsdienste (WebProvider &amp; MailHoster)<br> Seminarveranstalter (AppleTraining &amp; individuelle Kurse)<br> <br> <strong>Partner &amp; Kooperationen<\/strong><br> ITEA IT Solutions GmbH (ACN+WIN)<br> NCCS e.U. (VoIP)<br><br><br><br><\/p>\n\n\n\n<p><strong>Hinweise und Haftungsausschluss<\/strong><\/p>\n\n\n\n<p>expanic ist ein IT Dienstleister mit zentralem Fokus auf Apple Hardware und Software.<br><\/p>\n\n\n\n<p>Im Hinblick auf die \ntechnischen Eigenschaften des Internet kann keine Gew\u00e4hr f\u00fcr die \nAuthentizit\u00e4t, Richtigkeit und Vollst\u00e4ndigkeit der im Internet zur \nVerf\u00fcgung gestellten Informationen \u00fcbernommen werden. Es wird auch keine\n Gew\u00e4hr f\u00fcr die Verf\u00fcgbarkeit oder den Betrieb der gegenst\u00e4ndlichen \nHomepage und ihrer Inhalte \u00fcbernommen.<br><\/p>\n\n\n\n<p>Jede Haftung f\u00fcr \nunmittelbare, mittelbare oder sonstige Sch\u00e4den, unabh\u00e4ngig von deren \nUrsachen, die aus der Benutzung oder Nichtverf\u00fcgbarkeit der Daten und \nInformationen dieser Homepage erwachsen, wird, soweit rechtlich \nzul\u00e4ssig, ausgeschlossen.<br><\/p>\n\n\n\n<p>Der Inhalt dieser Homepage \nist urheberrechtlich gesch\u00fctzt. Die Informationen sind nur f\u00fcr die \npers\u00f6nliche Verwendung bestimmt. Jede weitergehende Nutzung insbesondere\n die Speicherung in Datenbanken, Vervielf\u00e4ltigung und jede Form von \ngewerblicher Nutzung sowie die Weitergabe an Dritte &#8211; auch in Teilen \noder in \u00fcberarbeiteter Form &#8211; ohne Zustimmung der jeweiligen \nOrganisation ist untersagt. Alle angef\u00fchrten Marken und Markennamen \nunterliegen dem Urheberschutzrecht des jeweiligen Herstellers. expanic \nbeh\u00e4lt sich das Recht vor, ohne vorherige Ank\u00fcndigung, \u00c4nderungen oder \nErg\u00e4nzungen der bereitgestellten Informationen vorzunehmen. Hyperlinks \nauf expanic.at sind willkommen. Jede Einbindung einzelner Seiten unseres\n Angebotes in fremde Frames ist zu unterlassen. Soweit im Content \npersonenbezogene Bezeichnungen nur in m\u00e4nnlicher Form angef\u00fchrt sind, \nbeziehen sie sich auf Frauen und M\u00e4nner in gleicher Weise.<\/p>\n","protected":false},"excerpt":{"rendered":"<p class=\"post-excerpt\">Informationsspflicht laut \u00a7 5 E-Commerce Gesetz, \u00a7 14 Unternehmensgesetzbuch, \u00a7 63 Gewerbeordnung und Offenlegungspflicht laut \u00a7 25 Mediengesetz: expanic ist&#8230;<\/p>\n","protected":false},"author":1,"featured_media":0,"parent":0,"menu_order":0,"comment_status":"closed","ping_status":"closed","template":"","meta":{"footnotes":""},"class_list":["post-56","page","type-page","status-publish","hentry"],"jetpack_sharing_enabled":true,"_links":{"self":[{"href":"https:\/\/expanic.at\/wordpress\/wp-json\/wp\/v2\/pages\/56","targetHints":{"allow":["GET"]}}],"collection":[{"href":"https:\/\/expanic.at\/wordpress\/wp-json\/wp\/v2\/pages"}],"about":[{"href":"https:\/\/expanic.at\/wordpress\/wp-json\/wp\/v2\/types\/page"}],"author":[{"embeddable":true,"href":"https:\/\/expanic.at\/wordpress\/wp-json\/wp\/v2\/users\/1"}],"replies":[{"embeddable":true,"href":"https:\/\/expanic.at\/wordpress\/wp-json\/wp\/v2\/comments?post=56"}],"version-history":[{"count":6,"href":"https:\/\/expanic.at\/wordpress\/wp-json\/wp\/v2\/pages\/56\/revisions"}],"predecessor-version":[{"id":806,"href":"https:\/\/expanic.at\/wordpress\/wp-json\/wp\/v2\/pages\/56\/revisions\/806"}],"wp:attachment":[{"href":"https:\/\/expanic.at\/wordpress\/wp-json\/wp\/v2\/media?parent=56"}],"curies":[{"name":"wp","href":"https:\/\/api.w.org\/{rel}","templated":true}]}}