{"id":467,"date":"2020-11-07T20:08:47","date_gmt":"2020-11-07T19:08:47","guid":{"rendered":"https:\/\/expanic.at\/wordpress\/?page_id=467"},"modified":"2022-05-31T07:50:56","modified_gmt":"2022-05-31T05:50:56","slug":"schulungen","status":"publish","type":"page","link":"https:\/\/expanic.at\/wordpress\/schulungen\/","title":{"rendered":"Schulungen"},"content":{"rendered":"\n<p><em>Seit den fr\u00fchen 1990ern haben wir als <strong>Apple Solution Expert<\/strong>, dann zus\u00e4tzlich als <strong>Adobe Certified Trainer<\/strong> und schlie\u00dflich als <strong>Apple Consultant<\/strong> sowohl Beratung + Support bei Werbeagenturen und <em>im Bereich<\/em><\/em> der <em>Druckvorstufe als auch spezifische Schulungen in diesen Branchen angeboten. Hier eine Auswahl der aktuellen Kurse<\/em>: <\/p>\n\n\n\n<div class=\"wp-block-buttons is-content-justification-center is-layout-flex wp-container-core-buttons-is-layout-16018d1d wp-block-buttons-is-layout-flex\">\n<div class=\"wp-block-button is-style-outline is-style-outline--1\"><a class=\"wp-block-button__link\" href=\"https:\/\/expanic.at\/wordpress\/2020\/11\/07\/apple-certified-pro-associate\/\" target=\"_blank\" rel=\"noreferrer noopener\">       Apple Certified Pro\/Associate      <\/a><\/div>\n<\/div>\n\n\n\n<div class=\"wp-block-buttons is-content-justification-center is-layout-flex wp-container-core-buttons-is-layout-16018d1d wp-block-buttons-is-layout-flex\">\n<div class=\"wp-block-button\"><a class=\"wp-block-button__link\" href=\"https:\/\/expanic.at\/wordpress\/2022\/05\/31\/kursprogramm-updater\/\" target=\"_blank\" rel=\"noreferrer noopener\">Apple Certified Support Professional<\/a><\/div>\n<\/div>\n\n\n\n<div class=\"wp-block-buttons is-content-justification-center is-layout-flex wp-container-core-buttons-is-layout-16018d1d wp-block-buttons-is-layout-flex\">\n<div class=\"wp-block-button is-style-outline is-style-outline--2\"><a class=\"wp-block-button__link\" href=\"https:\/\/expanic.at\/wordpress\/2020\/11\/07\/grundkurs-desktop-publishing\/\" target=\"_blank\" rel=\"noreferrer noopener\">      Grundkurs Desktop Publishing      <\/a><\/div>\n<\/div>\n\n\n\n<div class=\"wp-block-buttons is-content-justification-center is-layout-flex wp-container-core-buttons-is-layout-16018d1d wp-block-buttons-is-layout-flex\">\n<div class=\"wp-block-button is-style-fill\"><a class=\"wp-block-button__link\" href=\"https:\/\/expanic.at\/wordpress\/2022\/05\/31\/kursprogramm-updater\/\" target=\"_blank\" rel=\"noreferrer noopener\">            Spezialkurs QuarkXPress          <\/a><\/div>\n<\/div>\n\n\n\n<div class=\"wp-block-buttons is-content-justification-center is-layout-flex wp-container-core-buttons-is-layout-16018d1d wp-block-buttons-is-layout-flex\">\n<div class=\"wp-block-button is-style-outline is-style-outline--3\"><a class=\"wp-block-button__link\" href=\"https:\/\/expanic.at\/wordpress\/2022\/05\/31\/kursprogramm-updater\/\" target=\"_blank\" rel=\"noreferrer noopener\">       Spezialkurs Fotobearbeitung       <\/a><\/div>\n<\/div>\n\n\n\n<div class=\"wp-block-buttons is-content-justification-center is-layout-flex wp-container-core-buttons-is-layout-16018d1d wp-block-buttons-is-layout-flex\">\n<div class=\"wp-block-button\"><a class=\"wp-block-button__link\" href=\"https:\/\/expanic.at\/wordpress\/2022\/05\/31\/kursprogramm-updater\/\" target=\"_blank\" rel=\"noreferrer noopener\">              Grundkurs WordPress             <\/a><\/div>\n<\/div>\n\n\n\n<div class=\"wp-block-buttons is-content-justification-center is-layout-flex wp-container-core-buttons-is-layout-16018d1d wp-block-buttons-is-layout-flex\">\n<div class=\"wp-block-button is-style-outline is-style-outline--4\"><a class=\"wp-block-button__link\" href=\"https:\/\/expanic.at\/wordpress\/2022\/05\/31\/kursprogramm-updater\/\" target=\"_blank\" rel=\"noreferrer noopener\">      Spezialkurs WP Administration      <\/a><\/div>\n<\/div>\n\n\n\n<div class=\"wp-block-buttons is-content-justification-center is-layout-flex wp-container-core-buttons-is-layout-16018d1d wp-block-buttons-is-layout-flex\">\n<div class=\"wp-block-button\"><a class=\"wp-block-button__link\" href=\"https:\/\/expanic.at\/wordpress\/2022\/05\/31\/kursprogramm-updater\/\" target=\"_blank\" rel=\"noreferrer noopener\">              Grundkurs nextcloud               <\/a><\/div>\n<\/div>\n\n\n\n<div class=\"wp-block-buttons is-content-justification-center is-layout-flex wp-container-core-buttons-is-layout-16018d1d wp-block-buttons-is-layout-flex\">\n<div class=\"wp-block-button is-style-outline is-style-outline--5\"><a class=\"wp-block-button__link\" href=\"https:\/\/expanic.at\/wordpress\/2022\/05\/31\/kursprogramm-updater\/\" target=\"_blank\" rel=\"noreferrer noopener\">Spezialkurs nextcloud Administration<\/a><\/div>\n<\/div>\n\n\n\n<p class=\"has-text-align-justify\"><em>Zus\u00e4tzlich zu den angef\u00fchrten Kursen bieten wir auch <strong>Kombinationen<\/strong> aus den einzelnen Modulen an. Als Beispiel sei der beliebte <strong>Kombo-Kurs \u00abDesktop + Web Design\u00bb<\/strong> genannt. F\u00fcr alle angef\u00fchrten Kurse erhalten Sie ein <strong>Zertifikat\/Diplom<\/strong>.<\/em><\/p>\n\n\n\n<div class=\"wp-block-buttons is-content-justification-center is-layout-flex wp-container-core-buttons-is-layout-16018d1d wp-block-buttons-is-layout-flex\">\n<div class=\"wp-block-button is-style-outline is-style-outline--6\"><a class=\"wp-block-button__link\" href=\"https:\/\/expanic.at\/wordpress\/2020\/11\/09\/desktop-web-design-lehrgang\/\" target=\"_blank\" rel=\"noreferrer noopener\">Desktop + Web Design Lehrgang<\/a><\/div>\n<\/div>\n\n\n\n<div style=\"height:100px\" aria-hidden=\"true\" class=\"wp-block-spacer\"><\/div>\n\n\n\n<div class=\"wp-block-buttons is-content-justification-center is-layout-flex wp-container-core-buttons-is-layout-16018d1d wp-block-buttons-is-layout-flex\">\n<div class=\"wp-block-button\"><a class=\"wp-block-button__link has-white-color has-medium-gray-background-color has-text-color has-background\" href=\"&#x6d;&#97;&#x69;&#x6c;&#116;&#x6f;&#58;s&#x63;&#104;u&#x6c;&#117;n&#x67;&#101;n&#x40;&#101;&#x78;&#x70;&#97;&#x6e;&#x69;&#99;&#x2e;&#99;o&#x6d;\" style=\"border-radius:50px\" target=\"_blank\" rel=\"noreferrer noopener\">Weitere Infos + Kursbuchung<\/a><\/div>\n<\/div>\n\n\n\n<p class=\"has-text-align-center has-white-color has-light-gray-background-color has-text-color has-background\"><em><strong>Update vom 7. November 2020: <\/strong><\/em><br><em>Alle unsere Kurse werden nur noch gem\u00e4\u00df den strengen Corono-Ma\u00dfnahmen abgehalten. Wir setzen dabei auf die h\u00f6chsten hygienischen Schutzstandards und verwenden zus\u00e4tzlich die L\u00f6sung der Firma <a rel=\"noreferrer noopener\" href=\"https:\/\/safedi.com\/\" target=\"_blank\">safedi<\/a>.<\/em><strong><em> <\/em><\/strong><\/p>\n","protected":false},"excerpt":{"rendered":"<p class=\"post-excerpt\">Seit den fr\u00fchen 1990ern haben wir als Apple Solution Expert, dann zus\u00e4tzlich als Adobe Certified Trainer und schlie\u00dflich als Apple&#8230;<\/p>\n","protected":false},"author":1,"featured_media":0,"parent":0,"menu_order":0,"comment_status":"closed","ping_status":"closed","template":"","meta":{"footnotes":""},"class_list":["post-467","page","type-page","status-publish","hentry"],"jetpack_sharing_enabled":true,"_links":{"self":[{"href":"https:\/\/expanic.at\/wordpress\/wp-json\/wp\/v2\/pages\/467","targetHints":{"allow":["GET"]}}],"collection":[{"href":"https:\/\/expanic.at\/wordpress\/wp-json\/wp\/v2\/pages"}],"about":[{"href":"https:\/\/expanic.at\/wordpress\/wp-json\/wp\/v2\/types\/page"}],"author":[{"embeddable":true,"href":"https:\/\/expanic.at\/wordpress\/wp-json\/wp\/v2\/users\/1"}],"replies":[{"embeddable":true,"href":"https:\/\/expanic.at\/wordpress\/wp-json\/wp\/v2\/comments?post=467"}],"version-history":[{"count":43,"href":"https:\/\/expanic.at\/wordpress\/wp-json\/wp\/v2\/pages\/467\/revisions"}],"predecessor-version":[{"id":741,"href":"https:\/\/expanic.at\/wordpress\/wp-json\/wp\/v2\/pages\/467\/revisions\/741"}],"wp:attachment":[{"href":"https:\/\/expanic.at\/wordpress\/wp-json\/wp\/v2\/media?parent=467"}],"curies":[{"name":"wp","href":"https:\/\/api.w.org\/{rel}","templated":true}]}}