{"id":3,"date":"2019-07-21T16:47:02","date_gmt":"2019-07-21T14:47:02","guid":{"rendered":"https:\/\/expanic.at\/wordpress\/?page_id=3"},"modified":"2019-07-23T10:28:27","modified_gmt":"2019-07-23T08:28:27","slug":"dse","status":"publish","type":"page","link":"https:\/\/expanic.at\/wordpress\/dse\/","title":{"rendered":"Datenschutzerkl\u00e4rung"},"content":{"rendered":"\n<p>Der Schutz Ihrer pers\u00f6nlichen Daten ist uns ein zentrales Anliegen. Wir verarbeiten Ihre Daten daher ausschlie\u00dflich auf Grundlage der gesetzlichen Bestimmungen  (DSGVO, TKG 2003). In der folgenden Datenschutzerkl\u00e4rung informieren  wir Sie \u00fcber die wichtigsten Aspekte der Datenverarbeitung im Rahmen  unserer Website.<br><\/p>\n\n\n\n<p><strong>Cookies<\/strong><br>Wir verwenden <strong>keine<\/strong> Cookies.<\/p>\n\n\n\n<p><strong>Newsletter<\/strong><br>Wir erstellen <strong>keine<\/strong> Newsletter.<\/p>\n\n\n\n<p><strong>Web-Analyse und Google Analytics<\/strong><br>Wir verwenden <strong>keine<\/strong> Suchmaschinenoptimierungs-Tools (SEO = Search Engine Optimization), <strong>kein<\/strong> Google Analytics oder sonstige Analysedienste Dritter.<\/p>\n\n\n\n<p><strong>Ihre Rechte<\/strong><\/p>\n\n\n\n<p>Ihnen stehen grunds\u00e4tzlich alle Rechte auf Auskunft, Berichtigung, L\u00f6schung, Einschr\u00e4nkung,  Daten\u00fcbertragbarkeit, Widerruf und Widerspruch zu. Wenn Sie glauben, dass die Verarbeitung Ihrer Daten gegen das Datenschutzrecht verst\u00f6\u00dft oder Ihre datenschutzrechtlichen Anspr\u00fcche sonst in einer Weise verletzt worden sind, k\u00f6nnen Sie sich an uns oder an die Aufsichtsbeh\u00f6rde wenden. <br><br>In \u00d6sterreich ist dies die Datenschutzbeh\u00f6rde: <a href=\"https:\/\/www.dsb.gv.at\">https:\/\/www.dsb.gv.at<\/a><br><\/p>\n\n\n\n<p>expanic respektiert die Rechte und Pflichten der europ\u00e4ischen und \u00f6sterreichischen Datenschutzregelungen und setzt diese in Ihrem t\u00e4glichen Gesch\u00e4ftsalltag um. Wir erfassen stets nur jene Daten, die zur Erf\u00fcllung unserer gesch\u00e4ftlichen Aufgaben notwendig sind und bewahren diese nur so lange wie n\u00f6tig auf. Nach Ablauf der gesetzlichen Aufbewahrungspflichten oder nach Ablauf der mit unseren KundInnen, MitarbeiterInnen oder BewerberInnen vereinbarten Aufbewahrungszeitr\u00e4ume werden personenbezogene Daten bei uns automatisiert gel\u00f6scht.<br><\/p>\n\n\n\n<p>Wir haben mit unseren Providern einen entsprechenden Vertrag zur Auftragsdatenverarbeitung abgeschlossen. <\/p>\n\n\n\n<p>Die ausf\u00fchrliche Beschreibung der Datenschutzerkl\u00e4rungen finden Sie hier: <a href=\"https:\/\/www.variomedia.de\/datenschutz\/\">DSE Provider<\/a><br><\/p>\n\n\n\n<p><strong>Kontakt mit uns<\/strong><\/p>\n\n\n\n<p>Wenn Sie per E-Mail oder Telefon mit uns Kontakt aufnehmen, werden Ihre angegebenen Daten zur Bearbeitung der Anfrage und f\u00fcr den Fall von Anschlussfragen 6 (sechs) Monate bei uns gespeichert. Diese Daten geben wir in keinem Fall weiter. <br><br>Sie erreichen uns gerne unter den hier angef\u00fchrten Kontaktdaten: <a href=\"https:\/\/expanic.at\/kontakt\/\">https:\/\/expanic.at\/kontakt\/<\/a><br><\/p>\n\n\n\n<p><\/p>\n","protected":false},"excerpt":{"rendered":"<p class=\"post-excerpt\">Der Schutz Ihrer pers\u00f6nlichen Daten ist uns ein zentrales Anliegen. Wir verarbeiten Ihre Daten daher ausschlie\u00dflich auf Grundlage der gesetzlichen&#8230;<\/p>\n","protected":false},"author":1,"featured_media":0,"parent":0,"menu_order":0,"comment_status":"closed","ping_status":"open","template":"","meta":{"footnotes":""},"class_list":["post-3","page","type-page","status-publish","hentry"],"jetpack_sharing_enabled":true,"_links":{"self":[{"href":"https:\/\/expanic.at\/wordpress\/wp-json\/wp\/v2\/pages\/3","targetHints":{"allow":["GET"]}}],"collection":[{"href":"https:\/\/expanic.at\/wordpress\/wp-json\/wp\/v2\/pages"}],"about":[{"href":"https:\/\/expanic.at\/wordpress\/wp-json\/wp\/v2\/types\/page"}],"author":[{"embeddable":true,"href":"https:\/\/expanic.at\/wordpress\/wp-json\/wp\/v2\/users\/1"}],"replies":[{"embeddable":true,"href":"https:\/\/expanic.at\/wordpress\/wp-json\/wp\/v2\/comments?post=3"}],"version-history":[{"count":8,"href":"https:\/\/expanic.at\/wordpress\/wp-json\/wp\/v2\/pages\/3\/revisions"}],"predecessor-version":[{"id":100,"href":"https:\/\/expanic.at\/wordpress\/wp-json\/wp\/v2\/pages\/3\/revisions\/100"}],"wp:attachment":[{"href":"https:\/\/expanic.at\/wordpress\/wp-json\/wp\/v2\/media?parent=3"}],"curies":[{"name":"wp","href":"https:\/\/api.w.org\/{rel}","templated":true}]}}