{"id":2,"date":"2019-07-21T16:47:02","date_gmt":"2019-07-21T14:47:02","guid":{"rendered":"https:\/\/expanic.at\/wordpress\/?page_id=2"},"modified":"2019-07-21T21:47:12","modified_gmt":"2019-07-21T19:47:12","slug":"kontakt","status":"publish","type":"page","link":"https:\/\/expanic.at\/wordpress\/kontakt\/","title":{"rendered":"Kontakt"},"content":{"rendered":"\n<p style=\"text-align:left\">\u2706 <a class=\"phonetitle\" href=\"tel:+4312360236\">+43 1 236 0 236<\/a><br>@ <a href=\"&#x6d;&#x61;&#x69;&#x6c;&#x74;&#111;&#58;&#111;&#102;fic&#x65;&#x40;&#x65;&#x78;&#x70;&#x61;&#110;&#105;&#99;&#46;at?subject=expanic%20%3E%3E%3E%20meet%20the%20Apple%20Professionals\">&#x6f;&#102;f&#x69;&#x63;&#101;&#64;&#x65;&#120;p&#x61;&#x6e;&#105;c&#x2e;&#97;t<\/a><br><br><em>HeadQuarter<\/em><br>1180 Wien &gt;&gt;&gt; Leitermayer Gasse 40<br><br><em>ServerCenter<\/em><br>Bratislava &gt;&gt;&gt; Trnavsk\u00e1 cesta 50<br><br><em>TrainingsCenter<\/em><br>M\u00f6dling &gt;&gt;&gt; Br\u00fchler Stra\u00dfe 49<br><br><br><\/p>\n\n\n\n<div class=\"wp-block-image\"><figure class=\"aligncenter is-resized\"><a href=\"https:\/\/www.expanic.at\/_.._meet_the_Apple_Professionals\/Impressum.html\"><img loading=\"lazy\" decoding=\"async\" src=\"https:\/\/expanic.at\/wordpress\/wp-content\/uploads\/2019\/07\/Apple_Consultant_Network_2ln_blk_021717-300x95.png\" alt=\"\" class=\"wp-image-82\" width=\"225\" height=\"71\" srcset=\"https:\/\/expanic.at\/wordpress\/wp-content\/uploads\/2019\/07\/Apple_Consultant_Network_2ln_blk_021717-300x95.png 300w, https:\/\/expanic.at\/wordpress\/wp-content\/uploads\/2019\/07\/Apple_Consultant_Network_2ln_blk_021717.png 422w\" sizes=\"auto, (max-width: 225px) 100vw, 225px\" \/><\/a><figcaption>\u00a9 2019 by expanic<\/figcaption><\/figure><\/div>\n","protected":false},"excerpt":{"rendered":"<p class=\"post-excerpt\">\u2706 +43 1 236 0 236@ &#111;&#x66;&#x66;i&#99;&#x65;&#64;&#101;&#x78;&#x70;&#97;&#x6e;&#x69;c&#46;&#x61;t HeadQuarter1180 Wien &gt;&gt;&gt; Leitermayer Gasse 40 ServerCenterBratislava &gt;&gt;&gt; Trnavsk\u00e1 cesta 50 TrainingsCenterM\u00f6dling &gt;&gt;&gt;&#8230;<\/p>\n","protected":false},"author":1,"featured_media":0,"parent":0,"menu_order":0,"comment_status":"closed","ping_status":"open","template":"","meta":{"footnotes":""},"class_list":["post-2","page","type-page","status-publish","hentry"],"jetpack_sharing_enabled":true,"_links":{"self":[{"href":"https:\/\/expanic.at\/wordpress\/wp-json\/wp\/v2\/pages\/2","targetHints":{"allow":["GET"]}}],"collection":[{"href":"https:\/\/expanic.at\/wordpress\/wp-json\/wp\/v2\/pages"}],"about":[{"href":"https:\/\/expanic.at\/wordpress\/wp-json\/wp\/v2\/types\/page"}],"author":[{"embeddable":true,"href":"https:\/\/expanic.at\/wordpress\/wp-json\/wp\/v2\/users\/1"}],"replies":[{"embeddable":true,"href":"https:\/\/expanic.at\/wordpress\/wp-json\/wp\/v2\/comments?post=2"}],"version-history":[{"count":16,"href":"https:\/\/expanic.at\/wordpress\/wp-json\/wp\/v2\/pages\/2\/revisions"}],"predecessor-version":[{"id":88,"href":"https:\/\/expanic.at\/wordpress\/wp-json\/wp\/v2\/pages\/2\/revisions\/88"}],"wp:attachment":[{"href":"https:\/\/expanic.at\/wordpress\/wp-json\/wp\/v2\/media?parent=2"}],"curies":[{"name":"wp","href":"https:\/\/api.w.org\/{rel}","templated":true}]}}